{"id":4414,"date":"2019-12-06T09:57:24","date_gmt":"2019-12-06T08:57:24","guid":{"rendered":"https:\/\/musicotherapeute-valenciennes.fr\/?page_id=4414"},"modified":"2026-03-26T09:22:12","modified_gmt":"2026-03-26T08:22:12","slug":"tarifs-2","status":"publish","type":"page","link":"https:\/\/musicotherapeute-valenciennes.fr\/?page_id=4414","title":{"rendered":"TARIFS"},"content":{"rendered":"<p>[et_pb_section fb_built=\u00a0\u00bb1&Prime; disabled_on=\u00a0\u00bboff|on|on\u00a0\u00bb admin_label=\u00a0\u00bbHero\u00a0\u00bb _builder_version=\u00a0\u00bb4.16&Prime; use_background_color_gradient=\u00a0\u00bbon\u00a0\u00bb background_color_gradient_type=\u00a0\u00bbcircular\u00a0\u00bb background_color_gradient_direction_radial=\u00a0\u00bbtop left\u00a0\u00bb background_color_gradient_stops=\u00a0\u00bbrgba(40,40,40,0.5) 0%|rgba(40,40,40,0.86) 100%\u00a0\u00bb background_color_gradient_overlays_image=\u00a0\u00bbon\u00a0\u00bb background_color_gradient_start=\u00a0\u00bbrgba(40,40,40,0.5)\u00a0\u00bb background_color_gradient_end=\u00a0\u00bbrgba(40,40,40,0.86)\u00a0\u00bb background_image=\u00a0\u00bbhttps:\/\/musicotherapeute-valenciennes.fr\/wp-content\/uploads\/2019\/11\/notes-de-musique.jpg\u00a0\u00bb custom_margin=\u00a0\u00bb-69px||||false|false\u00a0\u00bb custom_padding=\u00a0\u00bb0px||0px||true|false\u00a0\u00bb filter_brightness=\u00a0\u00bb106%\u00a0\u00bb filter_contrast=\u00a0\u00bb156%\u00a0\u00bb box_shadow_style=\u00a0\u00bbpreset1&Prime; box_shadow_horizontal=\u00a0\u00bb11px\u00a0\u00bb global_colors_info=\u00a0\u00bb{}\u00a0\u00bb][et_pb_row column_structure=\u00a0\u00bb2_3,1_3&Prime; use_custom_gutter=\u00a0\u00bbon\u00a0\u00bb make_equal=\u00a0\u00bbon\u00a0\u00bb padding_top_bottom_link_1=\u00a0\u00bbtrue\u00a0\u00bb padding_top_bottom_link_2=\u00a0\u00bbtrue\u00a0\u00bb padding_left_right_link_1=\u00a0\u00bbtrue\u00a0\u00bb padding_left_right_link_2=\u00a0\u00bbtrue\u00a0\u00bb _builder_version=\u00a0\u00bb4.16&Prime; background_color=\u00a0\u00bbrgba(0,0,0,0)\u00a0\u00bb width=\u00a0\u00bb100%\u00a0\u00bb max_width=\u00a0\u00bb100%\u00a0\u00bb custom_padding=\u00a0\u00bb0px||0px||true\u00a0\u00bb filter_saturate=\u00a0\u00bb114%\u00a0\u00bb filter_brightness=\u00a0\u00bb94%\u00a0\u00bb filter_contrast=\u00a0\u00bb111%\u00a0\u00bb filter_invert=\u00a0\u00bb14%\u00a0\u00bb use_custom_width=\u00a0\u00bbon\u00a0\u00bb width_unit=\u00a0\u00bboff\u00a0\u00bb custom_width_percent=\u00a0\u00bb100%\u00a0\u00bb global_colors_info=\u00a0\u00bb{}\u00a0\u00bb][et_pb_column type=\u00a0\u00bb2_3&Prime; _builder_version=\u00a0\u00bb4.16&Prime; custom_padding=\u00a0\u00bb10vw|6vw|10vw|6vw\u00a0\u00bb custom_padding_tablet=\u00a0\u00bb10vw|10%|10vw|10%|true|true\u00a0\u00bb custom_padding_phone=\u00a0\u00bb\u00a0\u00bb custom_padding_last_edited=\u00a0\u00bbon|desktop\u00a0\u00bb filter_brightness=\u00a0\u00bb119%\u00a0\u00bb global_colors_info=\u00a0\u00bb{}\u00a0\u00bb padding_tablet=\u00a0\u00bb10vw|10%|10vw|10%|true|true\u00a0\u00bb padding_last_edited=\u00a0\u00bbon|desktop\u00a0\u00bb custom_padding__hover=\u00a0\u00bb|||\u00a0\u00bb padding_phone=\u00a0\u00bb10vw|10%|10vw|10%|true|true\u00a0\u00bb][et_pb_text _builder_version=\u00a0\u00bb4.16&Prime; text_font=\u00a0\u00bb||||||||\u00a0\u00bb text_font_size=\u00a0\u00bb19px\u00a0\u00bb text_letter_spacing=\u00a0\u00bb10px\u00a0\u00bb header_font=\u00a0\u00bbRubik|700|||||||\u00a0\u00bb header_text_align=\u00a0\u00bbcenter\u00a0\u00bb header_font_size=\u00a0\u00bb64px\u00a0\u00bb header_line_height=\u00a0\u00bb1.1em\u00a0\u00bb background_layout=\u00a0\u00bbdark\u00a0\u00bb width=\u00a0\u00bb99%\u00a0\u00bb max_width=\u00a0\u00bb814px\u00a0\u00bb module_alignment=\u00a0\u00bbcenter\u00a0\u00bb custom_margin=\u00a0\u00bb||0px|\u00a0\u00bb custom_padding=\u00a0\u00bb|||16px\u00a0\u00bb text_font_size_tablet=\u00a0\u00bb14px\u00a0\u00bb text_font_size_last_edited=\u00a0\u00bboff|desktop\u00a0\u00bb header_font_size_tablet=\u00a0\u00bb44px\u00a0\u00bb header_font_size_phone=\u00a0\u00bb32px\u00a0\u00bb header_font_size_last_edited=\u00a0\u00bbon|phone\u00a0\u00bb border_color_all=\u00a0\u00bb#ffb400&Prime; global_colors_info=\u00a0\u00bb{}\u00a0\u00bb]<\/p>\n<h1 style=\"text-align: center;\">\u00a0Corinne CAUCHAIN<\/h1>\n<p>[\/et_pb_text][et_pb_text _builder_version=\u00a0\u00bb4.16&Prime; text_font=\u00a0\u00bb||||||||\u00a0\u00bb text_font_size=\u00a0\u00bb54px\u00a0\u00bb header_font=\u00a0\u00bb||||||||\u00a0\u00bb background_layout=\u00a0\u00bbdark\u00a0\u00bb max_width=\u00a0\u00bb800px\u00a0\u00bb custom_margin=\u00a0\u00bb-6px|||||\u00a0\u00bb custom_padding=\u00a0\u00bb20px||20px||true\u00a0\u00bb text_font_size_tablet=\u00a0\u00bb18px\u00a0\u00bb text_font_size_phone=\u00a0\u00bb\u00a0\u00bb text_font_size_last_edited=\u00a0\u00bbon|phone\u00a0\u00bb text_text_shadow_style=\u00a0\u00bbpreset3&Prime; global_colors_info=\u00a0\u00bb{}\u00a0\u00bb]<\/p>\n<p style=\"text-align: center;\"><strong>\u00a0 \u00a0 \u00a0 \u00a0 MUSICOTHERAPEUTE<\/strong><\/p>\n<p>[\/et_pb_text][et_pb_button button_text=\u00a0\u00bben institution, \u00e0 domicile et en entreprise\u00a0\u00bb button_alignment=\u00a0\u00bbcenter\u00a0\u00bb _builder_version=\u00a0\u00bb4.16&Prime; custom_button=\u00a0\u00bbon\u00a0\u00bb button_text_size=\u00a0\u00bb14px\u00a0\u00bb button_bg_color=\u00a0\u00bb#0da0c5&Prime; button_border_width=\u00a0\u00bb3px\u00a0\u00bb button_border_color=\u00a0\u00bb#ffffff\u00a0\u00bb button_border_radius=\u00a0\u00bb0px\u00a0\u00bb button_letter_spacing=\u00a0\u00bb4px\u00a0\u00bb button_font=\u00a0\u00bbRubik|700||on|||||\u00a0\u00bb button_icon=\u00a0\u00bb&#x24;||divi||400&Prime; background_layout=\u00a0\u00bbdark\u00a0\u00bb custom_margin=\u00a0\u00bb|||\u00a0\u00bb global_colors_info=\u00a0\u00bb{}\u00a0\u00bb button_text_size__hover_enabled=\u00a0\u00bboff\u00a0\u00bb button_one_text_size__hover_enabled=\u00a0\u00bboff\u00a0\u00bb button_two_text_size__hover_enabled=\u00a0\u00bboff\u00a0\u00bb button_text_color__hover_enabled=\u00a0\u00bboff\u00a0\u00bb button_one_text_color__hover_enabled=\u00a0\u00bboff\u00a0\u00bb button_two_text_color__hover_enabled=\u00a0\u00bboff\u00a0\u00bb button_border_width__hover_enabled=\u00a0\u00bboff\u00a0\u00bb button_one_border_width__hover_enabled=\u00a0\u00bboff\u00a0\u00bb button_two_border_width__hover_enabled=\u00a0\u00bboff\u00a0\u00bb button_border_color__hover_enabled=\u00a0\u00bboff\u00a0\u00bb button_one_border_color__hover_enabled=\u00a0\u00bboff\u00a0\u00bb button_two_border_color__hover_enabled=\u00a0\u00bboff\u00a0\u00bb button_border_radius__hover_enabled=\u00a0\u00bboff\u00a0\u00bb button_one_border_radius__hover_enabled=\u00a0\u00bboff\u00a0\u00bb button_two_border_radius__hover_enabled=\u00a0\u00bboff\u00a0\u00bb button_letter_spacing__hover_enabled=\u00a0\u00bboff\u00a0\u00bb button_one_letter_spacing__hover_enabled=\u00a0\u00bboff\u00a0\u00bb button_two_letter_spacing__hover_enabled=\u00a0\u00bboff\u00a0\u00bb button_bg_color__hover_enabled=\u00a0\u00bboff\u00a0\u00bb button_one_bg_color__hover_enabled=\u00a0\u00bboff\u00a0\u00bb button_two_bg_color__hover_enabled=\u00a0\u00bboff\u00a0\u00bb][\/et_pb_button][\/et_pb_column][et_pb_column type=\u00a0\u00bb1_3&Prime; _builder_version=\u00a0\u00bb4.16&Prime; background_color=\u00a0\u00bb#ffb400&Prime; custom_padding=\u00a0\u00bb80px|40px|80px|40px\u00a0\u00bb custom_padding_tablet=\u00a0\u00bb|10%||10%||true\u00a0\u00bb custom_padding_phone=\u00a0\u00bb\u00a0\u00bb custom_padding_last_edited=\u00a0\u00bbon|desktop\u00a0\u00bb global_colors_info=\u00a0\u00bb{}\u00a0\u00bb padding_tablet=\u00a0\u00bb|10%||10%||true\u00a0\u00bb padding_last_edited=\u00a0\u00bbon|desktop\u00a0\u00bb custom_padding__hover=\u00a0\u00bb|||\u00a0\u00bb padding_phone=\u00a0\u00bb|10%||10%||true\u00a0\u00bb][et_pb_image src=\u00a0\u00bbhttps:\/\/musicotherapeute-valenciennes.fr\/wp-content\/uploads\/2019\/11\/Logo.png\u00a0\u00bb _builder_version=\u00a0\u00bb4.16&Prime; min_height=\u00a0\u00bb212px\u00a0\u00bb custom_margin=\u00a0\u00bb69px|||||\u00a0\u00bb animation_style=\u00a0\u00bbroll\u00a0\u00bb animation_duration=\u00a0\u00bb900ms\u00a0\u00bb animation_speed_curve=\u00a0\u00bbease\u00a0\u00bb global_colors_info=\u00a0\u00bb{}\u00a0\u00bb][\/et_pb_image][et_pb_text _builder_version=\u00a0\u00bb4.16&Prime; text_font=\u00a0\u00bbGeorgia||||||||\u00a0\u00bb global_colors_info=\u00a0\u00bb{}\u00a0\u00bb]<\/p>\n<p><strong><span style=\"text-decoration: underline;\">Contacts<\/span> :\u00a0<\/strong><\/p>\n<ul>\n<li><strong>t\u00e9l : 0614471721<\/strong><\/li>\n<li><strong>Mail : corinnecauchain@sfr.fr<\/strong><\/li>\n<\/ul>\n<p>[\/et_pb_text][\/et_pb_column][\/et_pb_row][\/et_pb_section][et_pb_section fb_built=\u00a0\u00bb1&Prime; disabled_on=\u00a0\u00bbon|on|on\u00a0\u00bb admin_label=\u00a0\u00bb Get a Quote\u00a0\u00bb _builder_version=\u00a0\u00bb4.16&Prime; min_height=\u00a0\u00bb174px\u00a0\u00bb custom_padding=\u00a0\u00bb0px|0px|0px|0px|true|false\u00a0\u00bb animation_style=\u00a0\u00bbslide\u00a0\u00bb animation_direction=\u00a0\u00bbtop\u00a0\u00bb animation_intensity_slide=\u00a0\u00bb10%\u00a0\u00bb box_shadow_style=\u00a0\u00bbpreset3&Prime; box_shadow_vertical=\u00a0\u00bb10px\u00a0\u00bb box_shadow_blur=\u00a0\u00bb105px\u00a0\u00bb box_shadow_spread=\u00a0\u00bb0px\u00a0\u00bb box_shadow_color=\u00a0\u00bbrgba(0,0,0,0.12)\u00a0\u00bb disabled=\u00a0\u00bbon\u00a0\u00bb global_colors_info=\u00a0\u00bb{}\u00a0\u00bb][et_pb_row _builder_version=\u00a0\u00bb4.16&Prime; background_color=\u00a0\u00bb#ffffff\u00a0\u00bb custom_margin=\u00a0\u00bb|||\u00a0\u00bb border_color_all=\u00a0\u00bb#1fd7e0&Prime; global_colors_info=\u00a0\u00bb{}\u00a0\u00bb][et_pb_column type=\u00a0\u00bb4_4&Prime; _builder_version=\u00a0\u00bb4.16&Prime; custom_padding=\u00a0\u00bb|||\u00a0\u00bb global_colors_info=\u00a0\u00bb{}\u00a0\u00bb custom_padding__hover=\u00a0\u00bb|||\u00a0\u00bb][et_pb_text _builder_version=\u00a0\u00bb4.16&Prime; text_text_color=\u00a0\u00bb#000000&Prime; text_font_size=\u00a0\u00bb30px\u00a0\u00bb text_letter_spacing=\u00a0\u00bb3px\u00a0\u00bb text_line_height=\u00a0\u00bb1.8em\u00a0\u00bb header_font=\u00a0\u00bb||||||||\u00a0\u00bb header_2_font=\u00a0\u00bbRubik|700|||||||\u00a0\u00bb header_2_font_size=\u00a0\u00bb42px\u00a0\u00bb header_2_line_height=\u00a0\u00bb1.2em\u00a0\u00bb animation_style=\u00a0\u00bbfade\u00a0\u00bb header_2_font_size_tablet=\u00a0\u00bb\u00a0\u00bb header_2_font_size_phone=\u00a0\u00bb36px\u00a0\u00bb header_2_font_size_last_edited=\u00a0\u00bbon|phone\u00a0\u00bb border_width_all=\u00a0\u00bb2px\u00a0\u00bb border_color_all=\u00a0\u00bb#1fd7e0&Prime; global_colors_info=\u00a0\u00bb{}\u00a0\u00bb]<\/p>\n<p style=\"text-align: center;\">\u00ab\u00a0La musique met l&rsquo;\u00e2me en harmonie avec tout ce qui existe\u00a0\u00bb Oscar WILDE<\/p>\n<p>[\/et_pb_text][\/et_pb_column][\/et_pb_row][\/et_pb_section][et_pb_section fb_built=\u00a0\u00bb1&Prime; admin_label=\u00a0\u00bbProjects\u00a0\u00bb _builder_version=\u00a0\u00bb4.16&Prime; global_colors_info=\u00a0\u00bb{}\u00a0\u00bb][et_pb_row column_structure=\u00a0\u00bb2_5,3_5&Prime; use_custom_gutter=\u00a0\u00bbon\u00a0\u00bb gutter_width=\u00a0\u00bb2&Prime; _builder_version=\u00a0\u00bb4.16&Prime; width=\u00a0\u00bb100%\u00a0\u00bb max_width=\u00a0\u00bb2560px\u00a0\u00bb custom_margin=\u00a0\u00bb|||\u00a0\u00bb global_colors_info=\u00a0\u00bb{}\u00a0\u00bb][et_pb_column type=\u00a0\u00bb2_5&Prime; _builder_version=\u00a0\u00bb4.16&Prime; custom_padding=\u00a0\u00bb|||\u00a0\u00bb global_colors_info=\u00a0\u00bb{}\u00a0\u00bb custom_padding__hover=\u00a0\u00bb|||\u00a0\u00bb][et_pb_image src=\u00a0\u00bbhttps:\/\/musicotherapeute-valenciennes.fr\/wp-content\/uploads\/2019\/11\/euro-1557431_640.jpg\u00a0\u00bb title_text=\u00a0\u00bbeuro-1557431_640&Prime; disabled_on=\u00a0\u00bbon|off|off\u00a0\u00bb _builder_version=\u00a0\u00bb4.16&Prime; _module_preset=\u00a0\u00bbdefault\u00a0\u00bb width=\u00a0\u00bb87.7%\u00a0\u00bb min_height=\u00a0\u00bb230.8px\u00a0\u00bb custom_margin=\u00a0\u00bb92px|||||\u00a0\u00bb custom_padding=\u00a0\u00bb|||163px||\u00a0\u00bb global_colors_info=\u00a0\u00bb{}\u00a0\u00bb][\/et_pb_image][\/et_pb_column][et_pb_column type=\u00a0\u00bb3_5&Prime; _builder_version=\u00a0\u00bb4.16&Prime; custom_padding=\u00a0\u00bb|||\u00a0\u00bb global_colors_info=\u00a0\u00bb{}\u00a0\u00bb custom_padding__hover=\u00a0\u00bb|||\u00a0\u00bb][et_pb_text _builder_version=\u00a0\u00bb4.16&Prime; text_font=\u00a0\u00bbGeorgia||||||||\u00a0\u00bb text_text_color=\u00a0\u00bb#000000&Prime; text_font_size=\u00a0\u00bb16px\u00a0\u00bb global_colors_info=\u00a0\u00bb{}\u00a0\u00bb]<\/p>\n<p><span><strong><\/strong><\/span><\/p>\n<p><span><strong><\/strong><\/span><\/p>\n<p><span><strong><\/strong><\/span><\/p>\n<p><span><strong><\/strong><\/span><\/p>\n<p><span><strong>TARIFS<\/strong><\/span> :<\/p>\n<p><strong><span style=\"text-decoration: underline;\">A domicile ou en institution<\/span><\/strong> :<\/p>\n<p>s\u00e9ance d\u00e9couverte d&rsquo;une heure: 150\u20ac<\/p>\n<p><span style=\"text-decoration: underline;\">Dans le cas d&rsquo;un contrat\u00a0 de plusieurs s\u00e9ances<\/span> :\u00a0<\/p>\n<ul>\n<li>s\u00e9ance d&rsquo;une heure en individuel : 55\u20ac<\/li>\n<li>s\u00e9ance d&rsquo;une heure pour un groupe (10 pers max) : 110\u20ac<\/li>\n<li>frais de d\u00e9placements : 4\u20ac\/5kms<\/li>\n<\/ul>\n<p><strong><span style=\"text-decoration: underline;\">En entreprise<\/span><\/strong> :<\/p>\n<ul>\n<li>prestation de trois heures pour un groupe : 500\u20ac\u00a0<\/li>\n<li>frais de d\u00e9placements pris en charge par l&rsquo;entreprise<\/li>\n<\/ul>\n<p><strong>Des forfaits sont possibles, me contacter.<\/strong><\/p>\n<p>&nbsp;<\/p>\n<p>[\/et_pb_text][\/et_pb_column][\/et_pb_row][\/et_pb_section]<\/p>\n","protected":false},"excerpt":{"rendered":"<p>\u00a0Corinne CAUCHAIN\u00a0 \u00a0 \u00a0 \u00a0 MUSICOTHERAPEUTEContacts :\u00a0 t\u00e9l : 0614471721 Mail : corinnecauchain@sfr.fr \u00ab\u00a0La musique met l&rsquo;\u00e2me en harmonie avec tout ce qui existe\u00a0\u00bb Oscar WILDE TARIFS : A domicile ou en institution : s\u00e9ance d\u00e9couverte d&rsquo;une heure: 150\u20ac Dans le cas d&rsquo;un contrat\u00a0 de plusieurs s\u00e9ances :\u00a0 s\u00e9ance d&rsquo;une heure en individuel : 55\u20ac [&hellip;]<\/p>\n","protected":false},"author":1,"featured_media":0,"parent":0,"menu_order":0,"comment_status":"closed","ping_status":"closed","template":"","meta":{"_et_pb_use_builder":"on","_et_pb_old_content":"","_et_gb_content_width":"","footnotes":""},"class_list":["post-4414","page","type-page","status-publish","hentry"],"yoast_head":"<!-- This site is optimized with the Yoast SEO plugin v27.3 - https:\/\/yoast.com\/product\/yoast-seo-wordpress\/ -->\n<title>TARIFS - corinne cauchain musicotherapeute<\/title>\n<meta name=\"robots\" content=\"index, follow, max-snippet:-1, max-image-preview:large, max-video-preview:-1\" \/>\n<link rel=\"canonical\" href=\"https:\/\/musicotherapeute-valenciennes.fr\/?page_id=4414\" \/>\n<meta property=\"og:locale\" content=\"fr_FR\" \/>\n<meta property=\"og:type\" content=\"article\" \/>\n<meta property=\"og:title\" content=\"TARIFS - corinne cauchain musicotherapeute\" \/>\n<meta property=\"og:description\" content=\"\u00a0Corinne CAUCHAIN\u00a0 \u00a0 \u00a0 \u00a0 MUSICOTHERAPEUTEContacts :\u00a0 t\u00e9l : 0614471721 Mail : corinnecauchain@sfr.fr &quot;La musique met l&#039;\u00e2me en harmonie avec tout ce qui existe&quot; Oscar WILDE TARIFS : A domicile ou en institution : s\u00e9ance d\u00e9couverte d&#039;une heure: 150\u20ac Dans le cas d&#039;un contrat\u00a0 de plusieurs s\u00e9ances :\u00a0 s\u00e9ance d&#039;une heure en individuel : 55\u20ac [&hellip;]\" \/>\n<meta property=\"og:url\" content=\"https:\/\/musicotherapeute-valenciennes.fr\/?page_id=4414\" \/>\n<meta property=\"og:site_name\" content=\"corinne cauchain musicotherapeute\" \/>\n<meta property=\"article:publisher\" content=\"https:\/\/www.facebook.com\/musicotherapeutevalenciennes28\" \/>\n<meta property=\"article:modified_time\" content=\"2026-03-26T08:22:12+00:00\" \/>\n<meta name=\"twitter:card\" content=\"summary_large_image\" \/>\n<meta name=\"twitter:label1\" content=\"Dur\u00e9e de lecture estim\u00e9e\" \/>\n\t<meta name=\"twitter:data1\" content=\"5 minutes\" \/>\n<script type=\"application\/ld+json\" class=\"yoast-schema-graph\">{\"@context\":\"https:\\\/\\\/schema.org\",\"@graph\":[{\"@type\":\"WebPage\",\"@id\":\"https:\\\/\\\/musicotherapeute-valenciennes.fr\\\/?page_id=4414\",\"url\":\"https:\\\/\\\/musicotherapeute-valenciennes.fr\\\/?page_id=4414\",\"name\":\"TARIFS - corinne cauchain musicotherapeute\",\"isPartOf\":{\"@id\":\"https:\\\/\\\/musicotherapeute-valenciennes.fr\\\/#website\"},\"datePublished\":\"2019-12-06T08:57:24+00:00\",\"dateModified\":\"2026-03-26T08:22:12+00:00\",\"breadcrumb\":{\"@id\":\"https:\\\/\\\/musicotherapeute-valenciennes.fr\\\/?page_id=4414#breadcrumb\"},\"inLanguage\":\"fr-FR\",\"potentialAction\":[{\"@type\":\"ReadAction\",\"target\":[\"https:\\\/\\\/musicotherapeute-valenciennes.fr\\\/?page_id=4414\"]}]},{\"@type\":\"BreadcrumbList\",\"@id\":\"https:\\\/\\\/musicotherapeute-valenciennes.fr\\\/?page_id=4414#breadcrumb\",\"itemListElement\":[{\"@type\":\"ListItem\",\"position\":1,\"name\":\"Accueil\",\"item\":\"https:\\\/\\\/musicotherapeute-valenciennes.fr\\\/\"},{\"@type\":\"ListItem\",\"position\":2,\"name\":\"TARIFS\"}]},{\"@type\":\"WebSite\",\"@id\":\"https:\\\/\\\/musicotherapeute-valenciennes.fr\\\/#website\",\"url\":\"https:\\\/\\\/musicotherapeute-valenciennes.fr\\\/\",\"name\":\"corinne cauchain musicotherapeute\",\"description\":\"\",\"publisher\":{\"@id\":\"https:\\\/\\\/musicotherapeute-valenciennes.fr\\\/#organization\"},\"potentialAction\":[{\"@type\":\"SearchAction\",\"target\":{\"@type\":\"EntryPoint\",\"urlTemplate\":\"https:\\\/\\\/musicotherapeute-valenciennes.fr\\\/?s={search_term_string}\"},\"query-input\":{\"@type\":\"PropertyValueSpecification\",\"valueRequired\":true,\"valueName\":\"search_term_string\"}}],\"inLanguage\":\"fr-FR\"},{\"@type\":\"Organization\",\"@id\":\"https:\\\/\\\/musicotherapeute-valenciennes.fr\\\/#organization\",\"name\":\"corinne cauchain musicotherapeute\",\"url\":\"https:\\\/\\\/musicotherapeute-valenciennes.fr\\\/\",\"logo\":{\"@type\":\"ImageObject\",\"inLanguage\":\"fr-FR\",\"@id\":\"https:\\\/\\\/musicotherapeute-valenciennes.fr\\\/#\\\/schema\\\/logo\\\/image\\\/\",\"url\":\"https:\\\/\\\/musicotherapeute-valenciennes.fr\\\/wp-content\\\/uploads\\\/2019\\\/11\\\/Logo.png\",\"contentUrl\":\"https:\\\/\\\/musicotherapeute-valenciennes.fr\\\/wp-content\\\/uploads\\\/2019\\\/11\\\/Logo.png\",\"width\":490,\"height\":277,\"caption\":\"corinne cauchain musicotherapeute\"},\"image\":{\"@id\":\"https:\\\/\\\/musicotherapeute-valenciennes.fr\\\/#\\\/schema\\\/logo\\\/image\\\/\"},\"sameAs\":[\"https:\\\/\\\/www.facebook.com\\\/musicotherapeutevalenciennes28\"]}]}<\/script>\n<!-- \/ Yoast SEO plugin. -->","yoast_head_json":{"title":"TARIFS - corinne cauchain musicotherapeute","robots":{"index":"index","follow":"follow","max-snippet":"max-snippet:-1","max-image-preview":"max-image-preview:large","max-video-preview":"max-video-preview:-1"},"canonical":"https:\/\/musicotherapeute-valenciennes.fr\/?page_id=4414","og_locale":"fr_FR","og_type":"article","og_title":"TARIFS - corinne cauchain musicotherapeute","og_description":"\u00a0Corinne CAUCHAIN\u00a0 \u00a0 \u00a0 \u00a0 MUSICOTHERAPEUTEContacts :\u00a0 t\u00e9l : 0614471721 Mail : corinnecauchain@sfr.fr \"La musique met l'\u00e2me en harmonie avec tout ce qui existe\" Oscar WILDE TARIFS : A domicile ou en institution : s\u00e9ance d\u00e9couverte d'une heure: 150\u20ac Dans le cas d'un contrat\u00a0 de plusieurs s\u00e9ances :\u00a0 s\u00e9ance d'une heure en individuel : 55\u20ac [&hellip;]","og_url":"https:\/\/musicotherapeute-valenciennes.fr\/?page_id=4414","og_site_name":"corinne cauchain musicotherapeute","article_publisher":"https:\/\/www.facebook.com\/musicotherapeutevalenciennes28","article_modified_time":"2026-03-26T08:22:12+00:00","twitter_card":"summary_large_image","twitter_misc":{"Dur\u00e9e de lecture estim\u00e9e":"5 minutes"},"schema":{"@context":"https:\/\/schema.org","@graph":[{"@type":"WebPage","@id":"https:\/\/musicotherapeute-valenciennes.fr\/?page_id=4414","url":"https:\/\/musicotherapeute-valenciennes.fr\/?page_id=4414","name":"TARIFS - corinne cauchain musicotherapeute","isPartOf":{"@id":"https:\/\/musicotherapeute-valenciennes.fr\/#website"},"datePublished":"2019-12-06T08:57:24+00:00","dateModified":"2026-03-26T08:22:12+00:00","breadcrumb":{"@id":"https:\/\/musicotherapeute-valenciennes.fr\/?page_id=4414#breadcrumb"},"inLanguage":"fr-FR","potentialAction":[{"@type":"ReadAction","target":["https:\/\/musicotherapeute-valenciennes.fr\/?page_id=4414"]}]},{"@type":"BreadcrumbList","@id":"https:\/\/musicotherapeute-valenciennes.fr\/?page_id=4414#breadcrumb","itemListElement":[{"@type":"ListItem","position":1,"name":"Accueil","item":"https:\/\/musicotherapeute-valenciennes.fr\/"},{"@type":"ListItem","position":2,"name":"TARIFS"}]},{"@type":"WebSite","@id":"https:\/\/musicotherapeute-valenciennes.fr\/#website","url":"https:\/\/musicotherapeute-valenciennes.fr\/","name":"corinne cauchain musicotherapeute","description":"","publisher":{"@id":"https:\/\/musicotherapeute-valenciennes.fr\/#organization"},"potentialAction":[{"@type":"SearchAction","target":{"@type":"EntryPoint","urlTemplate":"https:\/\/musicotherapeute-valenciennes.fr\/?s={search_term_string}"},"query-input":{"@type":"PropertyValueSpecification","valueRequired":true,"valueName":"search_term_string"}}],"inLanguage":"fr-FR"},{"@type":"Organization","@id":"https:\/\/musicotherapeute-valenciennes.fr\/#organization","name":"corinne cauchain musicotherapeute","url":"https:\/\/musicotherapeute-valenciennes.fr\/","logo":{"@type":"ImageObject","inLanguage":"fr-FR","@id":"https:\/\/musicotherapeute-valenciennes.fr\/#\/schema\/logo\/image\/","url":"https:\/\/musicotherapeute-valenciennes.fr\/wp-content\/uploads\/2019\/11\/Logo.png","contentUrl":"https:\/\/musicotherapeute-valenciennes.fr\/wp-content\/uploads\/2019\/11\/Logo.png","width":490,"height":277,"caption":"corinne cauchain musicotherapeute"},"image":{"@id":"https:\/\/musicotherapeute-valenciennes.fr\/#\/schema\/logo\/image\/"},"sameAs":["https:\/\/www.facebook.com\/musicotherapeutevalenciennes28"]}]}},"_links":{"self":[{"href":"https:\/\/musicotherapeute-valenciennes.fr\/index.php?rest_route=\/wp\/v2\/pages\/4414","targetHints":{"allow":["GET"]}}],"collection":[{"href":"https:\/\/musicotherapeute-valenciennes.fr\/index.php?rest_route=\/wp\/v2\/pages"}],"about":[{"href":"https:\/\/musicotherapeute-valenciennes.fr\/index.php?rest_route=\/wp\/v2\/types\/page"}],"author":[{"embeddable":true,"href":"https:\/\/musicotherapeute-valenciennes.fr\/index.php?rest_route=\/wp\/v2\/users\/1"}],"replies":[{"embeddable":true,"href":"https:\/\/musicotherapeute-valenciennes.fr\/index.php?rest_route=%2Fwp%2Fv2%2Fcomments&post=4414"}],"version-history":[{"count":12,"href":"https:\/\/musicotherapeute-valenciennes.fr\/index.php?rest_route=\/wp\/v2\/pages\/4414\/revisions"}],"predecessor-version":[{"id":4753,"href":"https:\/\/musicotherapeute-valenciennes.fr\/index.php?rest_route=\/wp\/v2\/pages\/4414\/revisions\/4753"}],"wp:attachment":[{"href":"https:\/\/musicotherapeute-valenciennes.fr\/index.php?rest_route=%2Fwp%2Fv2%2Fmedia&parent=4414"}],"curies":[{"name":"wp","href":"https:\/\/api.w.org\/{rel}","templated":true}]}}